{"id":191,"date":"2020-08-27T12:50:59","date_gmt":"2020-08-27T10:50:59","guid":{"rendered":"https:\/\/www.luxuryforinteriors.com\/?page_id=191"},"modified":"2021-03-30T14:24:38","modified_gmt":"2021-03-30T12:24:38","slug":"interpreter-et-donner-vie-a-limaginaire","status":"publish","type":"page","link":"https:\/\/www.luxuryforinteriors.com\/index.php\/interpreter-et-donner-vie-a-limaginaire\/","title":{"rendered":"INTERPR\u00c9TER ET DONNER VIE \u00c0 L\u2019IMAGINAIRE"},"content":{"rendered":"<div class=\"fusion-fullwidth fullwidth-box fusion-builder-row-1 fusion-flex-container nonhundred-percent-fullwidth non-hundred-percent-height-scrolling\" style=\"--awb-border-radius-top-left:0px;--awb-border-radius-top-right:0px;--awb-border-radius-bottom-right:0px;--awb-border-radius-bottom-left:0px;--awb-padding-top:10%;--awb-padding-right:10%;--awb-padding-bottom:10%;--awb-padding-left:10%;--awb-flex-wrap:wrap;\" ><div class=\"fusion-builder-row fusion-row fusion-flex-align-items-flex-start fusion-flex-content-wrap\" style=\"max-width:2200px;margin-left: calc(-0% \/ 2 );margin-right: calc(-0% \/ 2 );\"><div class=\"fusion-layout-column fusion_builder_column fusion-builder-column-0 fusion_builder_column_1_4 1_4 fusion-flex-column\" style=\"--awb-bg-size:cover;--awb-width-large:25%;--awb-margin-top-large:0px;--awb-spacing-right-large:0%;--awb-margin-bottom-large:0px;--awb-spacing-left-large:0%;--awb-width-medium:100%;--awb-order-medium:0;--awb-spacing-right-medium:0%;--awb-spacing-left-medium:0%;--awb-width-small:100%;--awb-order-small:0;--awb-spacing-right-small:0%;--awb-spacing-left-small:0%;\"><div class=\"fusion-column-wrapper fusion-column-has-shadow fusion-flex-justify-content-flex-start fusion-content-layout-column\"><\/div><\/div><div class=\"fusion-layout-column fusion_builder_column fusion-builder-column-1 fusion_builder_column_1_2 1_2 fusion-flex-column\" style=\"--awb-padding-top:7%;--awb-padding-right:7%;--awb-padding-bottom:7%;--awb-padding-left:7%;--awb-bg-color:#ffffff;--awb-bg-color-hover:#ffffff;--awb-bg-size:cover;--awb-width-large:50%;--awb-margin-top-large:0px;--awb-spacing-right-large:0%;--awb-margin-bottom-large:0px;--awb-spacing-left-large:0%;--awb-width-medium:100%;--awb-order-medium:0;--awb-spacing-right-medium:0%;--awb-spacing-left-medium:0%;--awb-width-small:100%;--awb-order-small:0;--awb-spacing-right-small:0%;--awb-spacing-left-small:0%;\"><div class=\"fusion-column-wrapper fusion-column-has-shadow fusion-flex-justify-content-flex-start fusion-content-layout-column\"><div class=\"fusion-separator fusion-full-width-sep\" style=\"align-self: center;margin-left: auto;margin-right: auto;margin-bottom:20px;width:100%;\"><div class=\"fusion-separator-border sep-double sep-solid\" style=\"--awb-height:20px;--awb-amount:20px;--awb-sep-color:#ae9a63;border-color:#ae9a63;border-top-width:1px;border-bottom-width:1px;\"><\/div><\/div><div class=\"fusion-title title fusion-title-1 fusion-sep-none fusion-title-center fusion-title-text fusion-title-size-one\" style=\"--awb-text-color:#ae9a63;--awb-margin-top-small:10px;--awb-margin-right-small:0px;--awb-margin-bottom-small:10px;--awb-margin-left-small:0px;\"><h1 class=\"fusion-title-heading title-heading-center fusion-responsive-typography-calculated\" style=\"margin:0;--fontSize:20;--minFontSize:20;line-height:1.4;\">INTERPR\u00c9TER ET DONNER VIE \u00c0 L\u2019IMAGINAIRE<\/h1><\/div><div class=\"fusion-separator fusion-full-width-sep\" style=\"align-self: center;margin-left: auto;margin-right: auto;margin-top:20px;margin-bottom:30px;width:100%;\"><div class=\"fusion-separator-border sep-double sep-solid\" style=\"--awb-height:20px;--awb-amount:20px;--awb-sep-color:#ae9a63;border-color:#ae9a63;border-top-width:1px;border-bottom-width:1px;\"><\/div><\/div><div class=\"fusion-text fusion-text-1\"><p style=\"text-align: justify;\">Forte de ses 25 ann\u00e9es de m\u00e9tier, Anne-Laure Legrand a su s\u2019imposer dans le secteur de la d\u00e9coration en faisant preuve d\u2019une \u00e9nergie \u00e0 toute \u00e9preuve et d\u2019un grand sens de l\u2019anticipation. Ses nombreuses exp\u00e9riences et projets professionnels \u00e9clectiques lui ont appris \u00e0 accompagner les architectes avec talent, \u00e0 transcrire leurs d\u00e9sirs et \u00e0 concr\u00e9tiser des fabrications sp\u00e9ciales exceptionnelles.<\/p>\n<p style=\"text-align: justify;\">Pour cette passionn\u00e9e de d\u00e9coration d\u2019int\u00e9rieur, il n\u2019existe que des solutions. Parce qu\u2019elle incarne le lien entre les architectes et les artisans, elle facilite et optimise la mise en \u0153uvre de projets en alliant \u00e9coute, transparence et fluidit\u00e9.<\/p>\n<p style=\"text-align: justify;\">Un dialogue fructueux se cr\u00e9e alors entre les architectes et les artisans, qu\u2019elle aime tant faire d\u00e9couvrir et dont elle conna\u00eet tous les savoir-faire\u2026 Pour que l\u2019objet final rime avec perfection.<\/p>\n<\/div><\/div><\/div><div class=\"fusion-layout-column fusion_builder_column fusion-builder-column-2 fusion_builder_column_1_4 1_4 fusion-flex-column\" style=\"--awb-bg-size:cover;--awb-width-large:25%;--awb-margin-top-large:0px;--awb-spacing-right-large:0%;--awb-margin-bottom-large:0px;--awb-spacing-left-large:0%;--awb-width-medium:100%;--awb-order-medium:0;--awb-spacing-right-medium:0%;--awb-spacing-left-medium:0%;--awb-width-small:100%;--awb-order-small:0;--awb-spacing-right-small:0%;--awb-spacing-left-small:0%;\"><div class=\"fusion-column-wrapper fusion-column-has-shadow fusion-flex-justify-content-flex-start fusion-content-layout-column\"><\/div><\/div><\/div><\/div>\n","protected":false},"excerpt":{"rendered":"","protected":false},"author":4,"featured_media":0,"parent":0,"menu_order":0,"comment_status":"closed","ping_status":"closed","template":"100-width.php","meta":{"footnotes":""},"class_list":["post-191","page","type-page","status-publish","hentry"],"yoast_head":"<!-- This site is optimized with the Yoast SEO plugin v27.2 - https:\/\/yoast.com\/product\/yoast-seo-wordpress\/ -->\n<title>INTERPR\u00c9TER ET DONNER VIE \u00c0 L\u2019IMAGINAIRE | Luxury For Interiors<\/title>\n<meta name=\"robots\" content=\"index, follow, max-snippet:-1, max-image-preview:large, max-video-preview:-1\" \/>\n<link rel=\"canonical\" href=\"https:\/\/www.luxuryforinteriors.com\/index.php\/interpreter-et-donner-vie-a-limaginaire\/\" \/>\n<meta property=\"og:locale\" content=\"fr_FR\" \/>\n<meta property=\"og:type\" content=\"article\" \/>\n<meta property=\"og:title\" content=\"INTERPR\u00c9TER ET DONNER VIE \u00c0 L\u2019IMAGINAIRE | Luxury For Interiors\" \/>\n<meta property=\"og:url\" content=\"https:\/\/www.luxuryforinteriors.com\/index.php\/interpreter-et-donner-vie-a-limaginaire\/\" \/>\n<meta property=\"og:site_name\" content=\"Luxury For Interiors\" \/>\n<meta property=\"article:modified_time\" content=\"2021-03-30T12:24:38+00:00\" \/>\n<meta name=\"twitter:card\" content=\"summary_large_image\" \/>\n<meta name=\"twitter:label1\" content=\"Dur\u00e9e de lecture estim\u00e9e\" \/>\n\t<meta name=\"twitter:data1\" content=\"7 minutes\" \/>\n<script type=\"application\/ld+json\" class=\"yoast-schema-graph\">{\"@context\":\"https:\/\/schema.org\",\"@graph\":[{\"@type\":\"WebPage\",\"@id\":\"https:\/\/www.luxuryforinteriors.com\/index.php\/interpreter-et-donner-vie-a-limaginaire\/\",\"url\":\"https:\/\/www.luxuryforinteriors.com\/index.php\/interpreter-et-donner-vie-a-limaginaire\/\",\"name\":\"INTERPR\u00c9TER ET DONNER VIE \u00c0 L\u2019IMAGINAIRE | Luxury For Interiors\",\"isPartOf\":{\"@id\":\"https:\/\/www.luxuryforinteriors.com\/#website\"},\"datePublished\":\"2020-08-27T10:50:59+00:00\",\"dateModified\":\"2021-03-30T12:24:38+00:00\",\"breadcrumb\":{\"@id\":\"https:\/\/www.luxuryforinteriors.com\/index.php\/interpreter-et-donner-vie-a-limaginaire\/#breadcrumb\"},\"inLanguage\":\"fr-FR\",\"potentialAction\":[{\"@type\":\"ReadAction\",\"target\":[\"https:\/\/www.luxuryforinteriors.com\/index.php\/interpreter-et-donner-vie-a-limaginaire\/\"]}]},{\"@type\":\"BreadcrumbList\",\"@id\":\"https:\/\/www.luxuryforinteriors.com\/index.php\/interpreter-et-donner-vie-a-limaginaire\/#breadcrumb\",\"itemListElement\":[{\"@type\":\"ListItem\",\"position\":1,\"name\":\"Accueil\",\"item\":\"https:\/\/www.luxuryforinteriors.com\/\"},{\"@type\":\"ListItem\",\"position\":2,\"name\":\"INTERPR\u00c9TER ET DONNER VIE \u00c0 L\u2019IMAGINAIRE\"}]},{\"@type\":\"WebSite\",\"@id\":\"https:\/\/www.luxuryforinteriors.com\/#website\",\"url\":\"https:\/\/www.luxuryforinteriors.com\/\",\"name\":\"Luxury For Interiors\",\"description\":\"Luxury For Interiors\",\"publisher\":{\"@id\":\"https:\/\/www.luxuryforinteriors.com\/#organization\"},\"potentialAction\":[{\"@type\":\"SearchAction\",\"target\":{\"@type\":\"EntryPoint\",\"urlTemplate\":\"https:\/\/www.luxuryforinteriors.com\/?s={search_term_string}\"},\"query-input\":{\"@type\":\"PropertyValueSpecification\",\"valueRequired\":true,\"valueName\":\"search_term_string\"}}],\"inLanguage\":\"fr-FR\"},{\"@type\":\"Organization\",\"@id\":\"https:\/\/www.luxuryforinteriors.com\/#organization\",\"name\":\"Luxury For Interiors\",\"url\":\"https:\/\/www.luxuryforinteriors.com\/\",\"logo\":{\"@type\":\"ImageObject\",\"inLanguage\":\"fr-FR\",\"@id\":\"https:\/\/www.luxuryforinteriors.com\/#\/schema\/logo\/image\/\",\"url\":\"https:\/\/www.luxuryforinteriors.com\/wp-content\/uploads\/2020\/08\/luxury-for-interiors-logo-copie.png\",\"contentUrl\":\"https:\/\/www.luxuryforinteriors.com\/wp-content\/uploads\/2020\/08\/luxury-for-interiors-logo-copie.png\",\"width\":160,\"height\":160,\"caption\":\"Luxury For Interiors\"},\"image\":{\"@id\":\"https:\/\/www.luxuryforinteriors.com\/#\/schema\/logo\/image\/\"},\"sameAs\":[\"https:\/\/www.instagram.com\/luxuryforinteriors\/\"]}]}<\/script>\n<!-- \/ Yoast SEO plugin. -->","yoast_head_json":{"title":"INTERPR\u00c9TER ET DONNER VIE \u00c0 L\u2019IMAGINAIRE | Luxury For Interiors","robots":{"index":"index","follow":"follow","max-snippet":"max-snippet:-1","max-image-preview":"max-image-preview:large","max-video-preview":"max-video-preview:-1"},"canonical":"https:\/\/www.luxuryforinteriors.com\/index.php\/interpreter-et-donner-vie-a-limaginaire\/","og_locale":"fr_FR","og_type":"article","og_title":"INTERPR\u00c9TER ET DONNER VIE \u00c0 L\u2019IMAGINAIRE | Luxury For Interiors","og_url":"https:\/\/www.luxuryforinteriors.com\/index.php\/interpreter-et-donner-vie-a-limaginaire\/","og_site_name":"Luxury For Interiors","article_modified_time":"2021-03-30T12:24:38+00:00","twitter_card":"summary_large_image","twitter_misc":{"Dur\u00e9e de lecture estim\u00e9e":"7 minutes"},"schema":{"@context":"https:\/\/schema.org","@graph":[{"@type":"WebPage","@id":"https:\/\/www.luxuryforinteriors.com\/index.php\/interpreter-et-donner-vie-a-limaginaire\/","url":"https:\/\/www.luxuryforinteriors.com\/index.php\/interpreter-et-donner-vie-a-limaginaire\/","name":"INTERPR\u00c9TER ET DONNER VIE \u00c0 L\u2019IMAGINAIRE | Luxury For Interiors","isPartOf":{"@id":"https:\/\/www.luxuryforinteriors.com\/#website"},"datePublished":"2020-08-27T10:50:59+00:00","dateModified":"2021-03-30T12:24:38+00:00","breadcrumb":{"@id":"https:\/\/www.luxuryforinteriors.com\/index.php\/interpreter-et-donner-vie-a-limaginaire\/#breadcrumb"},"inLanguage":"fr-FR","potentialAction":[{"@type":"ReadAction","target":["https:\/\/www.luxuryforinteriors.com\/index.php\/interpreter-et-donner-vie-a-limaginaire\/"]}]},{"@type":"BreadcrumbList","@id":"https:\/\/www.luxuryforinteriors.com\/index.php\/interpreter-et-donner-vie-a-limaginaire\/#breadcrumb","itemListElement":[{"@type":"ListItem","position":1,"name":"Accueil","item":"https:\/\/www.luxuryforinteriors.com\/"},{"@type":"ListItem","position":2,"name":"INTERPR\u00c9TER ET DONNER VIE \u00c0 L\u2019IMAGINAIRE"}]},{"@type":"WebSite","@id":"https:\/\/www.luxuryforinteriors.com\/#website","url":"https:\/\/www.luxuryforinteriors.com\/","name":"Luxury For Interiors","description":"Luxury For Interiors","publisher":{"@id":"https:\/\/www.luxuryforinteriors.com\/#organization"},"potentialAction":[{"@type":"SearchAction","target":{"@type":"EntryPoint","urlTemplate":"https:\/\/www.luxuryforinteriors.com\/?s={search_term_string}"},"query-input":{"@type":"PropertyValueSpecification","valueRequired":true,"valueName":"search_term_string"}}],"inLanguage":"fr-FR"},{"@type":"Organization","@id":"https:\/\/www.luxuryforinteriors.com\/#organization","name":"Luxury For Interiors","url":"https:\/\/www.luxuryforinteriors.com\/","logo":{"@type":"ImageObject","inLanguage":"fr-FR","@id":"https:\/\/www.luxuryforinteriors.com\/#\/schema\/logo\/image\/","url":"https:\/\/www.luxuryforinteriors.com\/wp-content\/uploads\/2020\/08\/luxury-for-interiors-logo-copie.png","contentUrl":"https:\/\/www.luxuryforinteriors.com\/wp-content\/uploads\/2020\/08\/luxury-for-interiors-logo-copie.png","width":160,"height":160,"caption":"Luxury For Interiors"},"image":{"@id":"https:\/\/www.luxuryforinteriors.com\/#\/schema\/logo\/image\/"},"sameAs":["https:\/\/www.instagram.com\/luxuryforinteriors\/"]}]}},"_links":{"self":[{"href":"https:\/\/www.luxuryforinteriors.com\/index.php\/wp-json\/wp\/v2\/pages\/191","targetHints":{"allow":["GET"]}}],"collection":[{"href":"https:\/\/www.luxuryforinteriors.com\/index.php\/wp-json\/wp\/v2\/pages"}],"about":[{"href":"https:\/\/www.luxuryforinteriors.com\/index.php\/wp-json\/wp\/v2\/types\/page"}],"author":[{"embeddable":true,"href":"https:\/\/www.luxuryforinteriors.com\/index.php\/wp-json\/wp\/v2\/users\/4"}],"replies":[{"embeddable":true,"href":"https:\/\/www.luxuryforinteriors.com\/index.php\/wp-json\/wp\/v2\/comments?post=191"}],"version-history":[{"count":7,"href":"https:\/\/www.luxuryforinteriors.com\/index.php\/wp-json\/wp\/v2\/pages\/191\/revisions"}],"predecessor-version":[{"id":269,"href":"https:\/\/www.luxuryforinteriors.com\/index.php\/wp-json\/wp\/v2\/pages\/191\/revisions\/269"}],"wp:attachment":[{"href":"https:\/\/www.luxuryforinteriors.com\/index.php\/wp-json\/wp\/v2\/media?parent=191"}],"curies":[{"name":"wp","href":"https:\/\/api.w.org\/{rel}","templated":true}]}}